{"id":10625,"date":"2023-01-11T11:01:56","date_gmt":"2023-01-11T10:01:56","guid":{"rendered":"https:\/\/www.tranquil.it\/privacy-policy\/"},"modified":"2023-11-08T11:00:20","modified_gmt":"2023-11-08T10:00:20","slug":"privacy-policy","status":"publish","type":"page","link":"https:\/\/www.tranquil.it\/en\/privacy-policy\/","title":{"rendered":"Privacy Policy"},"content":{"rendered":"<p>[et_pb_section fb_built=&#8221;1&#8243; admin_label=&#8221;section&#8221; _builder_version=&#8221;4.16&#8243; custom_margin=&#8221;0px||0px||true|false&#8221; custom_padding=&#8221;0px||0px||true|false&#8221; global_colors_info=&#8221;{}&#8221;][et_pb_row _builder_version=&#8221;4.22.2&#8243; _module_preset=&#8221;default&#8221; min_height=&#8221;117px&#8221; custom_padding=&#8221;||0px|||&#8221;][et_pb_column _builder_version=&#8221;4.22.2&#8243; _module_preset=&#8221;default&#8221; type=&#8221;4_4&#8243;][et_pb_text _builder_version=&#8221;4.22.2&#8243; _module_preset=&#8221;default&#8221; hover_enabled=&#8221;0&#8243; sticky_enabled=&#8221;0&#8243;]<\/p>\n<p class=\"western\" align=\"justify\">\n<h1 style=\"text-align: center;\">Privacy policy<\/h1>\n<h2 style=\"text-align: center;\"><em>Tranquil IT<\/em><\/h2>\n<p>&nbsp;<\/p>\n<p class=\"western\" align=\"justify\"><span style=\"font-size: medium;\">Tranquil\u00a0IT Systems SAS (hereinafter referred to as &#8220;Tranquil IT&#8221;), undertakes to process your personal data in accordance with the provisions of the General Data Protection Regulation 2016\/679 of the European Parliament and of the Council of 27 April 2016 (RGPD) and Law no. 78-17 of 6 January 1978, as amended, relating to information technology, files and freedoms (&#8220;Informatique et Libert\u00e9s&#8221; law), which define the conditions under which personal data processing may be implemented.<\/span><\/p>\n<p class=\"western\" align=\"justify\"><span style=\"font-size: medium;\">The data controller for data collected and processed on this website is SAS Tranquil IT Systems.<\/span><\/p>\n<p class=\"western\" align=\"justify\"><span style=\"font-size: medium;\"><\/span><\/p>\n<h2 class=\"western\"><\/h2>\n<h3 class=\"western\">Data collection<\/h3>\n<p>[\/et_pb_text][\/et_pb_column][\/et_pb_row][et_pb_row _builder_version=&#8221;4.22.2&#8243; _module_preset=&#8221;default&#8221; min_height=&#8221;68px&#8221;][et_pb_column _builder_version=&#8221;4.22.2&#8243; _module_preset=&#8221;default&#8221; type=&#8221;4_4&#8243;][et_pb_code _builder_version=&#8221;4.22.2&#8243; _module_preset=&#8221;default&#8221; hover_enabled=&#8221;0&#8243; sticky_enabled=&#8221;0&#8243;]\n<table id=\"tablepress-2\" class=\"tablepress tablepress-id-2\">\n<thead>\n<tr class=\"row-1\">\n\t<th class=\"column-1\">Purpose of processing<\/th><th class=\"column-2\">Legal status<\/th><th class=\"column-3\">Processed data<\/th><th class=\"column-4\">Shelf life<\/th>\n<\/tr>\n<\/thead>\n<tbody class=\"row-striping row-hover\">\n<tr class=\"row-2\">\n\t<td class=\"column-1\">Website management<\/td><td class=\"column-2\">Legal basis<\/td><td class=\"column-3\">IP address<\/td><td class=\"column-4\">1 year<br \/>\n<\/td>\n<\/tr>\n<tr class=\"row-3\">\n\t<td class=\"column-1\">Managing contact requests<\/td><td class=\"column-2\">Legitimate interest<br \/>\nExecution of pre-contractual and contractual measures<\/td><td class=\"column-3\">Last name, first name, company name and sector, e-mail address, postal address, telephone number, message<\/td><td class=\"column-4\">For customers: 5 years from the end of the commercial relationship.<br \/>\nFor prospects: 3 years from collection of personal data.<\/td>\n<\/tr>\n<tr class=\"row-4\">\n\t<td class=\"column-1\">Application management<\/td><td class=\"column-2\">Contract performance \/ pre-contractual and contractual measures.<br \/>\nLegitimate interest<br \/>\nTo meet the company's recruitment needs.<\/td><td class=\"column-3\">Last name, first name, e-mail address, message, attachments (resume, cover letter).<\/td><td class=\"column-4\">2 years from last contact, unless opposed.<\/td>\n<\/tr>\n<tr class=\"row-5\">\n\t<td class=\"column-1\">Webinars and events management<\/td><td class=\"column-2\">Legitimate interest<br \/>\nEvent management<\/td><td class=\"column-3\">Last name, first name, company name, e-mail address, postal address, telephone number, message.<\/td><td class=\"column-4\">For customers: 3 years from the end of the commercial relationship.<br \/>\nFor prospects: 3 years from the date of collection of personal data or from the last contract issued by the prospect.<\/td>\n<\/tr>\n<tr class=\"row-6\">\n\t<td class=\"column-1\">Cookie management<\/td><td class=\"column-2\">Consent<\/td><td class=\"column-3\">Navigation information.<\/td><td class=\"column-4\">12 months<br \/>\n<\/td>\n<\/tr>\n<tr class=\"row-7\">\n\t<td class=\"column-1\">Newsletter management<\/td><td class=\"column-2\">Int\u00e9r\u00eat l\u00e9gitime.<br \/>\nTraiter les inscriptions et envois de la newsletter aux abonn\u00e9s.<\/td><td class=\"column-3\">Last name, first name, e-mail address, company.<\/td><td class=\"column-4\">For customers: 3 years from the end of the commercial relationship.<br \/>\nFor prospects: 3 years from the date of collection of personal data or from the last contract issued by the prospect.<\/td>\n<\/tr>\n<\/tbody>\n<\/table>\n<!-- #tablepress-2 from cache -->[\/et_pb_code][\/et_pb_column][\/et_pb_row][\/et_pb_section][et_pb_section fb_built=&#8221;1&#8243; theme_builder_area=&#8221;post_content&#8221; _builder_version=&#8221;4.22.2&#8243; _module_preset=&#8221;default&#8221; hover_enabled=&#8221;0&#8243; sticky_enabled=&#8221;0&#8243; min_height=&#8221;997px&#8221; custom_padding=&#8221;0px||10px|||&#8221;][et_pb_row _builder_version=&#8221;4.22.2&#8243; _module_preset=&#8221;default&#8221; theme_builder_area=&#8221;post_content&#8221; min_height=&#8221;955px&#8221; custom_padding=&#8221;||5px|||&#8221; custom_margin=&#8221;|auto|39px|auto||&#8221; hover_enabled=&#8221;0&#8243; sticky_enabled=&#8221;0&#8243;][et_pb_column _builder_version=&#8221;4.22.2&#8243; _module_preset=&#8221;default&#8221; type=&#8221;4_4&#8243; theme_builder_area=&#8221;post_content&#8221;][et_pb_text _builder_version=&#8221;4.22.2&#8243; _module_preset=&#8221;default&#8221; theme_builder_area=&#8221;post_content&#8221; hover_enabled=&#8221;0&#8243; sticky_enabled=&#8221;0&#8243;]<\/p>\n<h3>Data recipients<\/h3>\n<p class=\"western\" align=\"justify\"><span style=\"font-size: medium;\">The data collected on the site is intended for Tranquil IT and its subcontractors for the provision of certain services (newsletter, webinars, etc.). If we assess a need for training or certain WAPT services, we will forward your information to our subsidiary Comitari.<\/span><\/p>\n<h2 class=\"western\"><\/h2>\n<h3 class=\"western\">Data storage<\/h3>\n<p class=\"western\" align=\"justify\"><span style=\"font-size: medium;\">Data collected on the site is stored in France, either on our public servers hosted at Scaleway in the DC2 datacenter, 29 Rue Edith Cavell, 94400 Vitry-sur-Seine, or on our servers at our Saint S\u00e9bastien Sur Loire premises.<\/span><\/p>\n<h2 class=\"western\"><\/h2>\n<h3 class=\"western\">Rights regarding the use of personal data<\/h3>\n<p class=\"western\" align=\"justify\"><span style=\"font-size: medium;\">In accordance with the provisions of the RGPD, you may exercise your following rights:<\/span><\/p>\n<ul>\n<li>\n<p align=\"justify\"><span style=\"font-size: medium;\">A right of access: the right to obtain confirmation as to whether or not your personal data is being processed, and to have it communicated to you.<\/span><\/p>\n<\/li>\n<li>\n<p align=\"justify\"><span style=\"font-size: medium;\">A right of rectification: the right to obtain rectification of inaccurate personal data or to complete incomplete data.<\/span><\/p>\n<\/li>\n<li>\n<p align=\"justify\"><span style=\"font-size: medium;\">A right to erasure: the right to have your personal data erased whenever possible.<\/span><\/p>\n<\/li>\n<li>\n<p align=\"justify\"><span style=\"font-size: medium;\">A right to object: the right to object at any time to the processing of your personal data, when this is based on our legitimate interests.<\/span><\/p>\n<\/li>\n<li>\n<p align=\"justify\"><span style=\"font-size: medium;\">A right to limitation: the right to request that processing data be frozen for a given period.<\/span><\/p>\n<\/li>\n<li>\n<p align=\"justify\"><span style=\"font-size: medium;\">A right to portability: the right to receive the personal data you have provided in a structured, commonly machine-readable format, and to communicate it to a third party.<\/span><\/p>\n<\/li>\n<li>\n<p align=\"justify\"><span style=\"font-size: medium;\">A right to withdraw your consent: when the processing of your data is based on your consent. You may exercise this right at any time, without having to justify your decision.<\/span><\/p>\n<\/li>\n<\/ul>\n<h2 class=\"western\"><\/h2>\n<h3 class=\"western\"> Exercise your rights<\/h3>\n<p class=\"western\" align=\"justify\"><span style=\"font-size: medium;\">To exercise your rights or to ask any questions about the processing of your data, please contact the Data Protection Officer, K\u00e9vin Gu\u00e9rineau, at the following address <a href=\"mailto:dpo@tranquil.it\">dpo@tranquil.it<\/a>.<\/span><\/p>\n<h2 class=\"western\"><\/h2>\n<h3 class=\"western\">Data protection policy update<\/h3>\n<p class=\"western\" align=\"justify\"><span style=\"font-size: medium;\">This personal data protection policy was published on 10\/24\/2023.<\/span><\/p>\n<p>[\/et_pb_text][\/et_pb_column][\/et_pb_row][\/et_pb_section]<\/p>\n","protected":false},"excerpt":{"rendered":"<p>Privacy policy Tranquil IT &nbsp; Tranquil\u00a0IT Systems SAS (hereinafter referred to as &#8220;Tranquil IT&#8221;), undertakes to process your personal data in accordance with the provisions of the General Data Protection Regulation 2016\/679 of the European Parliament and of the Council of 27 April 2016 (RGPD) and Law no. 78-17 of 6 January 1978, as amended, [&hellip;]<\/p>\n","protected":false},"author":1,"featured_media":19581,"parent":0,"menu_order":0,"comment_status":"closed","ping_status":"closed","template":"","meta":{"_et_pb_use_builder":"on","_et_pb_old_content":"","_et_gb_content_width":"","footnotes":""},"class_list":["post-10625","page","type-page","status-publish","has-post-thumbnail","hentry"],"yoast_head":"<!-- This site is optimized with the Yoast SEO plugin v27.4 - https:\/\/yoast.com\/product\/yoast-seo-wordpress\/ -->\n<title>Privacy Policy - Tranquil IT<\/title>\n<meta name=\"description\" content=\"Tranquil IT Systems Privacy Policy.\" \/>\n<meta name=\"robots\" content=\"noindex, nofollow\" \/>\n<meta property=\"og:locale\" content=\"en_US\" \/>\n<meta property=\"og:type\" content=\"article\" \/>\n<meta property=\"og:title\" content=\"Privacy Policy - Tranquil IT\" \/>\n<meta property=\"og:description\" content=\"Tranquil IT Systems Privacy Policy.\" \/>\n<meta property=\"og:url\" content=\"https:\/\/www.tranquil.it\/politique-de-confidentialite\/\" \/>\n<meta property=\"og:site_name\" content=\"Tranquil IT\" \/>\n<meta property=\"article:modified_time\" content=\"2023-11-08T10:00:20+00:00\" \/>\n<meta property=\"og:image\" content=\"https:\/\/www.tranquil.it\/wp-content\/uploads\/publisher_logo_structured_data.png\" \/>\n\t<meta property=\"og:image:width\" content=\"188\" \/>\n\t<meta property=\"og:image:height\" content=\"60\" \/>\n\t<meta property=\"og:image:type\" content=\"image\/png\" \/>\n<meta name=\"twitter:card\" content=\"summary_large_image\" \/>\n<meta name=\"twitter:site\" content=\"@TRANQUIL_IT\" \/>\n<script type=\"application\/ld+json\" class=\"yoast-schema-graph\">{\"@context\":\"https:\\\/\\\/schema.org\",\"@graph\":[{\"@type\":\"WebPage\",\"@id\":\"https:\\\/\\\/www.tranquil.it\\\/politique-de-confidentialite\\\/\",\"url\":\"https:\\\/\\\/www.tranquil.it\\\/politique-de-confidentialite\\\/\",\"name\":\"Privacy Policy - Tranquil IT\",\"isPartOf\":{\"@id\":\"https:\\\/\\\/www.tranquil.it\\\/#website\"},\"primaryImageOfPage\":{\"@id\":\"https:\\\/\\\/www.tranquil.it\\\/politique-de-confidentialite\\\/#primaryimage\"},\"image\":{\"@id\":\"https:\\\/\\\/www.tranquil.it\\\/politique-de-confidentialite\\\/#primaryimage\"},\"thumbnailUrl\":\"https:\\\/\\\/www.tranquil.it\\\/wp-content\\\/uploads\\\/publisher_logo_structured_data.png\",\"datePublished\":\"2023-01-11T10:01:56+00:00\",\"dateModified\":\"2023-11-08T10:00:20+00:00\",\"description\":\"Tranquil IT Systems Privacy Policy.\",\"breadcrumb\":{\"@id\":\"https:\\\/\\\/www.tranquil.it\\\/politique-de-confidentialite\\\/#breadcrumb\"},\"inLanguage\":\"en-US\",\"potentialAction\":[{\"@type\":\"ReadAction\",\"target\":[\"https:\\\/\\\/www.tranquil.it\\\/politique-de-confidentialite\\\/\"]}]},{\"@type\":\"ImageObject\",\"inLanguage\":\"en-US\",\"@id\":\"https:\\\/\\\/www.tranquil.it\\\/politique-de-confidentialite\\\/#primaryimage\",\"url\":\"https:\\\/\\\/www.tranquil.it\\\/wp-content\\\/uploads\\\/publisher_logo_structured_data.png\",\"contentUrl\":\"https:\\\/\\\/www.tranquil.it\\\/wp-content\\\/uploads\\\/publisher_logo_structured_data.png\",\"width\":188,\"height\":60,\"caption\":\"Structured data - Publisher logo : Tranquil IT\"},{\"@type\":\"BreadcrumbList\",\"@id\":\"https:\\\/\\\/www.tranquil.it\\\/politique-de-confidentialite\\\/#breadcrumb\",\"itemListElement\":[{\"@type\":\"ListItem\",\"position\":1,\"name\":\"Accueil\",\"item\":\"https:\\\/\\\/www.tranquil.it\\\/\"},{\"@type\":\"ListItem\",\"position\":2,\"name\":\"Privacy Policy\"}]},{\"@type\":\"WebSite\",\"@id\":\"https:\\\/\\\/www.tranquil.it\\\/#website\",\"url\":\"https:\\\/\\\/www.tranquil.it\\\/\",\"name\":\"Tranquil IT\",\"description\":\"\",\"publisher\":{\"@id\":\"https:\\\/\\\/www.tranquil.it\\\/#organization\"},\"potentialAction\":[{\"@type\":\"SearchAction\",\"target\":{\"@type\":\"EntryPoint\",\"urlTemplate\":\"https:\\\/\\\/www.tranquil.it\\\/?s={search_term_string}\"},\"query-input\":{\"@type\":\"PropertyValueSpecification\",\"valueRequired\":true,\"valueName\":\"search_term_string\"}}],\"inLanguage\":\"en-US\"},{\"@type\":\"Organization\",\"@id\":\"https:\\\/\\\/www.tranquil.it\\\/#organization\",\"name\":\"Tranquil IT\",\"url\":\"https:\\\/\\\/www.tranquil.it\\\/\",\"logo\":{\"@type\":\"ImageObject\",\"inLanguage\":\"en-US\",\"@id\":\"https:\\\/\\\/www.tranquil.it\\\/#\\\/schema\\\/logo\\\/image\\\/\",\"url\":\"https:\\\/\\\/www.tranquil.it\\\/wp-content\\\/uploads\\\/logo-Tranquil-IT-couleurs-RVB.png\",\"contentUrl\":\"https:\\\/\\\/www.tranquil.it\\\/wp-content\\\/uploads\\\/logo-Tranquil-IT-couleurs-RVB.png\",\"width\":600,\"height\":180,\"caption\":\"Tranquil IT\"},\"image\":{\"@id\":\"https:\\\/\\\/www.tranquil.it\\\/#\\\/schema\\\/logo\\\/image\\\/\"},\"sameAs\":[\"https:\\\/\\\/x.com\\\/TRANQUIL_IT\",\"http:\\\/\\\/linkedin.com\\\/company\\\/tranquil-it\",\"http:\\\/\\\/www.youtube.com\\\/c\\\/TranquilITSystems\"]}]}<\/script>\n<!-- \/ Yoast SEO plugin. -->","yoast_head_json":{"title":"Privacy Policy - Tranquil IT","description":"Tranquil IT Systems Privacy Policy.","robots":{"index":"noindex","follow":"nofollow"},"og_locale":"en_US","og_type":"article","og_title":"Privacy Policy - Tranquil IT","og_description":"Tranquil IT Systems Privacy Policy.","og_url":"https:\/\/www.tranquil.it\/politique-de-confidentialite\/","og_site_name":"Tranquil IT","article_modified_time":"2023-11-08T10:00:20+00:00","og_image":[{"width":188,"height":60,"url":"https:\/\/www.tranquil.it\/wp-content\/uploads\/publisher_logo_structured_data.png","type":"image\/png"}],"twitter_card":"summary_large_image","twitter_site":"@TRANQUIL_IT","schema":{"@context":"https:\/\/schema.org","@graph":[{"@type":"WebPage","@id":"https:\/\/www.tranquil.it\/politique-de-confidentialite\/","url":"https:\/\/www.tranquil.it\/politique-de-confidentialite\/","name":"Privacy Policy - Tranquil IT","isPartOf":{"@id":"https:\/\/www.tranquil.it\/#website"},"primaryImageOfPage":{"@id":"https:\/\/www.tranquil.it\/politique-de-confidentialite\/#primaryimage"},"image":{"@id":"https:\/\/www.tranquil.it\/politique-de-confidentialite\/#primaryimage"},"thumbnailUrl":"https:\/\/www.tranquil.it\/wp-content\/uploads\/publisher_logo_structured_data.png","datePublished":"2023-01-11T10:01:56+00:00","dateModified":"2023-11-08T10:00:20+00:00","description":"Tranquil IT Systems Privacy Policy.","breadcrumb":{"@id":"https:\/\/www.tranquil.it\/politique-de-confidentialite\/#breadcrumb"},"inLanguage":"en-US","potentialAction":[{"@type":"ReadAction","target":["https:\/\/www.tranquil.it\/politique-de-confidentialite\/"]}]},{"@type":"ImageObject","inLanguage":"en-US","@id":"https:\/\/www.tranquil.it\/politique-de-confidentialite\/#primaryimage","url":"https:\/\/www.tranquil.it\/wp-content\/uploads\/publisher_logo_structured_data.png","contentUrl":"https:\/\/www.tranquil.it\/wp-content\/uploads\/publisher_logo_structured_data.png","width":188,"height":60,"caption":"Structured data - Publisher logo : Tranquil IT"},{"@type":"BreadcrumbList","@id":"https:\/\/www.tranquil.it\/politique-de-confidentialite\/#breadcrumb","itemListElement":[{"@type":"ListItem","position":1,"name":"Accueil","item":"https:\/\/www.tranquil.it\/"},{"@type":"ListItem","position":2,"name":"Privacy Policy"}]},{"@type":"WebSite","@id":"https:\/\/www.tranquil.it\/#website","url":"https:\/\/www.tranquil.it\/","name":"Tranquil IT","description":"","publisher":{"@id":"https:\/\/www.tranquil.it\/#organization"},"potentialAction":[{"@type":"SearchAction","target":{"@type":"EntryPoint","urlTemplate":"https:\/\/www.tranquil.it\/?s={search_term_string}"},"query-input":{"@type":"PropertyValueSpecification","valueRequired":true,"valueName":"search_term_string"}}],"inLanguage":"en-US"},{"@type":"Organization","@id":"https:\/\/www.tranquil.it\/#organization","name":"Tranquil IT","url":"https:\/\/www.tranquil.it\/","logo":{"@type":"ImageObject","inLanguage":"en-US","@id":"https:\/\/www.tranquil.it\/#\/schema\/logo\/image\/","url":"https:\/\/www.tranquil.it\/wp-content\/uploads\/logo-Tranquil-IT-couleurs-RVB.png","contentUrl":"https:\/\/www.tranquil.it\/wp-content\/uploads\/logo-Tranquil-IT-couleurs-RVB.png","width":600,"height":180,"caption":"Tranquil IT"},"image":{"@id":"https:\/\/www.tranquil.it\/#\/schema\/logo\/image\/"},"sameAs":["https:\/\/x.com\/TRANQUIL_IT","http:\/\/linkedin.com\/company\/tranquil-it","http:\/\/www.youtube.com\/c\/TranquilITSystems"]}]}},"_links":{"self":[{"href":"https:\/\/www.tranquil.it\/en\/wp-json\/wp\/v2\/pages\/10625","targetHints":{"allow":["GET"]}}],"collection":[{"href":"https:\/\/www.tranquil.it\/en\/wp-json\/wp\/v2\/pages"}],"about":[{"href":"https:\/\/www.tranquil.it\/en\/wp-json\/wp\/v2\/types\/page"}],"author":[{"embeddable":true,"href":"https:\/\/www.tranquil.it\/en\/wp-json\/wp\/v2\/users\/1"}],"replies":[{"embeddable":true,"href":"https:\/\/www.tranquil.it\/en\/wp-json\/wp\/v2\/comments?post=10625"}],"version-history":[{"count":21,"href":"https:\/\/www.tranquil.it\/en\/wp-json\/wp\/v2\/pages\/10625\/revisions"}],"predecessor-version":[{"id":32516,"href":"https:\/\/www.tranquil.it\/en\/wp-json\/wp\/v2\/pages\/10625\/revisions\/32516"}],"wp:featuredmedia":[{"embeddable":true,"href":"https:\/\/www.tranquil.it\/en\/wp-json\/wp\/v2\/media\/19581"}],"wp:attachment":[{"href":"https:\/\/www.tranquil.it\/en\/wp-json\/wp\/v2\/media?parent=10625"}],"curies":[{"name":"wp","href":"https:\/\/api.w.org\/{rel}","templated":true}]}}